{"id":304,"date":"2016-05-11T15:59:18","date_gmt":"2016-05-11T14:59:18","guid":{"rendered":"http:\/\/koebenhavn.danmarksveteraner.dk\/wordpress\/?page_id=304"},"modified":"2018-01-14T15:28:28","modified_gmt":"2018-01-14T14:28:28","slug":"medlemskab","status":"publish","type":"page","link":"https:\/\/koebenhavn.danmarksveteraner.dk\/wordpress\/?page_id=304","title":{"rendered":"Medlemskab?"},"content":{"rendered":"<p><strong>Indmeldelse<\/strong><\/p>\n<p>Tak fordi du vil v\u00e6re medlem af vores forening.<\/p>\n<p><b>Det f\u00f8rste kalender\u00e5r som nyt medlem er i \u00f8jeblikket gratis!<\/b><\/p>\n<p>Hvis du har et \u00f8nske om medlemskab i en specifik lokalforening s\u00e5 udfyld dette punkt, ellers v\u00e6lger vi den lokalforening, som geografisk er den n\u00e6rmeste for dig og tilknytter dig denne. Du kan altid \u00e6ndre dette senere.<\/p>\n<p>Du vil efterf\u00f8lgende modtage velkomstbrev fra foreningen og lokalforeningen, herunder hvilken lokalforening du er medlem af.<\/p>\n<p>Velkommen vi ses.<\/p>\n<p>Tryk p\u00e5 linket og udfyld formularen\u00a0&#8211;&gt;\u00a0<a href=\"http:\/\/danmarksveteraner.dk\/wordpress\/?page_id=90\" target=\"_blank\" rel=\"noopener\">Indmeldelse<\/a><\/p>\n<p>\u00c5rskontingentet udg\u00f8r\u00a0normalt\u00a0kr. 375.- og f\u00f8lger kalender\u00e5ret.<\/p>\n<p>For dette bel\u00f8b f\u00e5r du, ud over medlemskab af en aktiv lokalforening, Danmarks Veteraners medlemsblad \u201cBaretten\u201d, 8 gange om \u00e5ret og du kan deltage i alle lokalforeningers aktiviteter over hele landet.<\/p>\n<p>Er du allerede medlem men \u00f8nsker at \u00e6ndre dine kontaktoplysninger? S\u00e5 tryk p\u00e5 dette link &#8211;&gt; <a href=\"http:\/\/danmarksveteraner.dk\/wordpress\/?page_id=103\" target=\"_blank\" rel=\"noopener\">\u00c6ndringer Kontaktoplysninger<\/a><\/p>\n","protected":false},"excerpt":{"rendered":"<p>Indmeldelse Tak fordi du vil v\u00e6re medlem af vores forening. Det f\u00f8rste kalender\u00e5r som nyt medlem er i \u00f8jeblikket gratis!<\/p>\n","protected":false},"author":2,"featured_media":0,"parent":312,"menu_order":2,"comment_status":"closed","ping_status":"closed","template":"","meta":{"colormag_page_container_layout":"default_layout","colormag_page_sidebar_layout":"default_layout","footnotes":""},"class_list":["post-304","page","type-page","status-publish","hentry"],"_links":{"self":[{"href":"https:\/\/koebenhavn.danmarksveteraner.dk\/wordpress\/index.php?rest_route=\/wp\/v2\/pages\/304","targetHints":{"allow":["GET"]}}],"collection":[{"href":"https:\/\/koebenhavn.danmarksveteraner.dk\/wordpress\/index.php?rest_route=\/wp\/v2\/pages"}],"about":[{"href":"https:\/\/koebenhavn.danmarksveteraner.dk\/wordpress\/index.php?rest_route=\/wp\/v2\/types\/page"}],"author":[{"embeddable":true,"href":"https:\/\/koebenhavn.danmarksveteraner.dk\/wordpress\/index.php?rest_route=\/wp\/v2\/users\/2"}],"replies":[{"embeddable":true,"href":"https:\/\/koebenhavn.danmarksveteraner.dk\/wordpress\/index.php?rest_route=%2Fwp%2Fv2%2Fcomments&post=304"}],"version-history":[{"count":5,"href":"https:\/\/koebenhavn.danmarksveteraner.dk\/wordpress\/index.php?rest_route=\/wp\/v2\/pages\/304\/revisions"}],"predecessor-version":[{"id":787,"href":"https:\/\/koebenhavn.danmarksveteraner.dk\/wordpress\/index.php?rest_route=\/wp\/v2\/pages\/304\/revisions\/787"}],"up":[{"embeddable":true,"href":"https:\/\/koebenhavn.danmarksveteraner.dk\/wordpress\/index.php?rest_route=\/wp\/v2\/pages\/312"}],"wp:attachment":[{"href":"https:\/\/koebenhavn.danmarksveteraner.dk\/wordpress\/index.php?rest_route=%2Fwp%2Fv2%2Fmedia&parent=304"}],"curies":[{"name":"wp","href":"https:\/\/api.w.org\/{rel}","templated":true}]}}