{"id":95,"date":"2016-03-15T11:29:27","date_gmt":"2016-03-15T10:29:27","guid":{"rendered":"http:\/\/koebenhavn.danmarksveteraner.dk\/wordpress\/?page_id=95"},"modified":"2023-02-26T13:40:04","modified_gmt":"2023-02-26T12:40:04","slug":"vedtaegter","status":"publish","type":"page","link":"https:\/\/koebenhavn.danmarksveteraner.dk\/wordpress\/?page_id=95","title":{"rendered":"Vedt\u00e6gter"},"content":{"rendered":"<table width=\"695\">\n<tbody>\n<tr>\n<td width=\"695\">\n<p style=\"text-align: center;\"><strong><u>Vedt\u00e6gter<\/u><\/strong><\/p>\n<p style=\"text-align: center;\"><strong>for<\/strong><\/p>\n<p style=\"text-align: center;\"><strong>DANMARKS VETERANER \u2013 Lokalforening Stork\u00f8benhavn.<\/strong><\/p>\n<p><strong>\u00a7 1. Foreningens navn og hjemsted.<\/strong><\/p>\n<p>Stk. 1.<\/p>\n<p>Foreningens navn er DANMARKS VETERANER \u2013 Lokalforening Stork\u00f8benhavn. I daglig tale ben\u00e6vnes foreningen blot DANMARKS VETERANER \u2013 STORK\u00d8BENHAVN (I vedt\u00e6gten er lokalforening Stork\u00f8benhavn alene ben\u00e6vnt \u201dforeningen\u201d).<\/p>\n<p>Stk. 2.<\/p>\n<p>Foreningens hjemsted er Kastellet, 2100 K\u00f8benhavn \u00d8 med adresse hos den til enhver tid siddende formand.<\/p>\n<p>Stk. 3.<\/p>\n<p>Foreningen er en lokalafdeling af landsforeningen DANMARKS VETERANER og som s\u00e5dan underlagt dennes vedt\u00e6gter og bestemmelser.<\/p>\n<p><strong>\u00a0\u00a7 <\/strong><strong style=\"font-family: inherit;\">2. Foreningens form\u00e5l.<\/strong><\/p>\n<p>Stk. 1<\/p>\n<p>Det er foreningens form\u00e5l<\/p>\n<ul>\n<li><u>at<\/u>\u00a0danne rammer for at samle alt dansk personel, der har deltaget i internationale operationer,<\/li>\n<li><u>at<\/u>\u00a0knytte og styrke de kammeratlige b\u00e5nd blandt medlemmerne, blandt andet ved m\u00f8devirksomhed og selskabelige sammenkomster,<\/li>\n<li><u>at<\/u>\u00a0st\u00f8tte og oplyse om (FN, EU, NATO og OSCE m.fl.) internationale organisationers form\u00e5l og virke, herunder specielt de fredsst\u00f8ttende aktiviteter,<\/li>\n<li><u>at<\/u>\u00a0bidrage til skabelse af bedre samarbejde og st\u00f8rre forst\u00e5else nationerne imellem,<\/li>\n<li><u>at<\/u>\u00a0h\u00e6dre veteraner \u2013 herunder afd\u00f8de \u2013 p\u00e5 v\u00e6rdig vis,<\/li>\n<li><u>at<\/u>\u00a0st\u00f8tte veteraner, som efter hjemkomst fra internationale operationer har behov herfor, blandt andet gennem Kammeratst\u00f8tteordningen (KSO) eller p\u00e5 anden m\u00e5de,<\/li>\n<li><u>at<\/u>\u00a0forvalte de midler, der stilles til foreningens r\u00e5dighed,<\/li>\n<li><u>at<\/u>\u00a0medvirke, s\u00e5fremt der frems\u00e6ttes \u00f8nske herom, til oprettelse af underliggende klubber, der skal f\u00f8lge foreningens vedt\u00e6gt,<\/li>\n<li><u>at<\/u>\u00a0drive en hjemmeside, som har til form\u00e5l at orientere om foreningens aktiviteter og fastholde medlemmernes tilknytning og interesse,<\/li>\n<li><u>at<\/u>\u00a0varetage kontakt til myndigheder, relevante institutioner og foreninger i Stork\u00f8benhavn,<\/li>\n<li><u>at<\/u>\u00a0varetage eventuel kontakt til den svenske FN soldaterforening i \u00d8resundsregionen,<\/li>\n<li><u>at<\/u>\u00a0markere FN-dagen ved mindestenen i T\u00e5rnby og<\/li>\n<li><u>at<\/u>\u00a0h\u00e6dre Jutlandia veteranerne hvert \u00e5r den 16. oktober ved mindestenen p\u00e5 Langelinie.<\/li>\n<\/ul>\n<p>Stk. 2.<\/p>\n<p>Foreningen er civil og partipolitisk neutral.<\/p>\n<p><strong style=\"font-family: inherit;\">\u00a7 3. Symboler m.v.<\/strong><\/p>\n<p>Stk. 1.<\/p>\n<p>Foreningens farver er r\u00f8d, hvid og bl\u00e5 (de nationale og FN farver). Foreningens logo er et v\u00e5benskjold med aftegning af Dannebrog og i midten FN symbol. I dannebrogsskjoldets \u00f8verste, venstre felt er anf\u00f8rt NATO, i \u00f8verste h\u00f8jre felt er anf\u00f8rt OSCE, og nederst i det hvide kors er anf\u00f8rt EU.<\/p>\n<p>Stk. 2.<\/p>\n<p>For at markere foreningens status som en del af en international veteranorganisation er veteranm\u00e6rket anvendt i tilknytning til ovenn\u00e6vnte logo.<\/p>\n<p>Stk. 3.<\/p>\n<p>Foreningen anl\u00e6gger en national fane samt fane for FN.<\/p>\n<p>Stk. 4<\/p>\n<p>Foreningens nationale fane udsmykkes i henhold til landsforeningens vedt\u00e6gt \u00a7 3. Det skal fremg\u00e5 af udsmykningen, at fanen tilh\u00f8rer \u201d DANMARKS VETERANER \u2013 STORK\u00d8BENHAVN\u201d.<\/p>\n<p>Stk. 5.<\/p>\n<p>Faneb\u00e6rere og fanevagter v\u00e6lges ved foreningens \u00e5rlige, ordin\u00e6re generalforsamling.<\/p>\n<p>Stk. 6.<\/p>\n<p>Foreningens faner opbevares i foreningslokalerne, om forn\u00f8dent hos den enkelte faneb\u00e6rer.<\/p>\n<p><strong style=\"font-family: inherit;\">\u00a7 4. Medlemmer.<\/strong><\/p>\n<p>Stk. 1.<\/p>\n<p>Enhver, der opfylder regeringens kriterier for betegnelsen \u201dveteran\u201d og har modtaget en officiel medalje eller et officielt veterankort for deltagelse i en international operation, kan optages som medlem i landsforeningen.<\/p>\n<p>Stk. 2.<\/p>\n<p>Som st\u00f8ttemedlem kan optages enhver, der m\u00e5tte \u00f8nske det.<\/p>\n<p>St\u00f8ttemedlemmer betaler st\u00f8ttemedlemskontingent og modtager foreningsbladet.<\/p>\n<p>Herudover har st\u00f8ttemedlemmer ingen forpligtelser eller rettigheder i landsforeningens eller i den st\u00f8ttemedlemmet tilknyttede lokalforenings anliggender.<\/p>\n<p>Stk. 3.<\/p>\n<p>Ethvert medlem, som m\u00e5tte g\u00f8re sig skyldig i en, i offentlig mening, van\u00e6rende handling, eller som ved sin handling skader foreningens omd\u00f8mme og tarv, kan indstilles til eksklusion. Endelig afg\u00f8relse om eksklusion tr\u00e6ffes af landsforeningens repr\u00e6sentantskab p\u00e5 f\u00f8rst kommende repr\u00e6sentantskabsm\u00f8de.\u00a0 Den til eksklusion indstillede, har ret til p\u00e5 dette m\u00f8de at forsvare sig og sin handling og herunder ret til at have en bisidder.<\/p>\n<p>Stk. 4.<\/p>\n<p>Manglende betaling af kontingent medf\u00f8rer sletning af medlemskab og nulstilling af anciennitet. Foreningen skal s\u00f8ge problemet l\u00f8st, inden n\u00e6vnte foranstaltning iv\u00e6rks\u00e6ttes.<\/p>\n<p>Stk. 5.<\/p>\n<p>Udmeldelse skal ske skriftligt til landsforeningens kartoteksf\u00f8rer. Landskartoteksf\u00f8reren meddeler udmeldelsen til foreningen.<\/p>\n<p>Stk. 6.<\/p>\n<p>Udmeldte, slettede og ekskluderede medlemmer kan ikke g\u00f8re krav g\u00e6ldende overfor hverken foreningen eller landsforeningen.<\/p>\n<p>Stk. 7.<\/p>\n<p>Som \u00e6resmedlemmer kan udn\u00e6vnes personer, b\u00e5de medlemmer og ikke-medlemmer, som har ydet en fortjenstfuld indsats for foreningen. \u00c6resmedlemmer indstilles af foreningens generalforsamling til Landsforeningen.<\/p>\n<p><strong style=\"font-family: inherit;\">\u00a7 5. Kontingent.<\/strong><\/p>\n<p>Stk. 1.<\/p>\n<p>Kontingent opkr\u00e6ves af landsforeningen.\u00a0 P\u00e5 landsforeningens \u00e5rlige repr\u00e6sentantskabsm\u00f8de fasts\u00e6ttes kontingentets st\u00f8rrelse for det kommende \u00e5r og st\u00f8rrelsen p\u00e5 den andel, der skal tilg\u00e5 foreningen. Kontingentet medg\u00e5r til betaling af medlemsbladet.<\/p>\n<p>Stk. 2.<\/p>\n<p>Medlemsbevis udstedes hvert \u00e5r af landsforeningen. Adresse\u00e6ndring skal meddeles landsforeningens kartoteksf\u00f8rer.<\/p>\n<p><strong style=\"font-family: inherit;\">\u00a7 6. Bestyrelsen.<\/strong><\/p>\n<p>Stk. 1.<\/p>\n<p>Foreningens bestyrelse best\u00e5r af:<\/p>\n<ol>\n<li>Formand.<\/li>\n<li>Kasserer.<\/li>\n<li>5 bestyrelsesmedlemmer.<\/li>\n<\/ol>\n<p>Stk. 2<\/p>\n<p>Bestyrelsen konstituerer sig \u2013 ud over den valgte formand og kasserer \u2013 med n\u00e6stformand og sekret\u00e6r ved f\u00f8rste m\u00f8de efter generalforsamlingen.<\/p>\n<p>P\u00e5 den ordin\u00e6re generalforsamling v\u00e6lges hvert \u00e5r 2 bestyrelsessuppleanter, som efter bestyrelsens anvisning kan deltage i bestyrelsesarbejdet, dog uden stemmeret. Bestyrelsen er beslutningsdygtig med mindst 5 (fem) medlemmer samlet. Bestyrelsen tr\u00e6ffer sine afg\u00f8relser ved simpelt stemmeflertal. I tilf\u00e6lde af stemmelighed er formandens stemme afg\u00f8rende. Bestyrelsesm\u00f8der indkaldes af formanden eller et flertal af bestyrelsen.<\/p>\n<p>Stk. 3.<\/p>\n<p>Bestyrelsen fremsender senest den 1. marts\u00a0 til hovedbestyrelsen navn, adresse, telefonnummer, mobiltelefonnummer, og e-mailadresse p\u00e5 samtlige bestyrelses medlemmer. Tilsvarende sendes oplysninger om de valgte repr\u00e6sentanter og suppleanter til repr\u00e6sentantskabet.<\/p>\n<p>Stk. 4.<\/p>\n<p>Bestyrelsen er ansvarlig for foreningens midler og effekter samt dens virke og trivsel, herunder drift af foreningslokalerne p\u00e5 Kastellet.<\/p>\n<p>Stk. 5.<\/p>\n<p>Bestyrelsen kan til enhver tid neds\u00e6tte underudvalg til varetagelse af s\u00e6rlige arrangementer og lignende. Formand for et s\u00e5dant udvalg b\u00f8r v\u00e6re et bestyrelsesmedlem.<\/p>\n<p>Stk. 6.<\/p>\n<p>Bestyrelsen s\u00f8rger for driften af foreningens hjemmeside.<\/p>\n<p>Stk. 7.<\/p>\n<p>Bestyrelsen f\u00f8rer forhandlingsprotokol og fasts\u00e6tter selv sin forretningsorden.<\/p>\n<p>Stk. 8<\/p>\n<p>S\u00e5fremt et bestyrelsesmedlem forlader bestyrelsen inden sin valgperiodes udl\u00f8b tr\u00e6der f\u00f8rste suppleanten ind i stedet. Den ny indtr\u00e5dte sidder herefter den udtr\u00e5dtes valgperiode ud.<\/p>\n<p>Stk. 9.<\/p>\n<p>Bestyrelsen fasts\u00e6tter regler for, hvilke rejseudgifter og andre \u00f8konomiske udl\u00e6g, som skal afholdes af forening.<\/p>\n<p><strong style=\"font-family: inherit;\">\u00a7 7. Kritiske revisorer.<\/strong><\/p>\n<p>Til at gennemg\u00e5 foreningens regnskab v\u00e6lges p\u00e5 den ordin\u00e6re generalforsamling to revisorer\/bilagskontrollanter og 1 revisorsuppleant. De v\u00e6lges alle for et \u00e5r ad gangen.<\/p>\n<p><strong style=\"font-family: inherit;\">\u00a7 8. Generalforsamling.<\/strong><\/p>\n<p>Stk. 1<\/p>\n<p>Foreningens h\u00f8jeste myndighed er generalforsamlingen, som afholdes hvert \u00e5r inden udgangen af \u00a0februar m\u00e5ned. Indkaldelse til generalforsamlingen skal ske med mindst 14 dages varsel.<\/p>\n<p>Bestyrelsen indkalder ved e-mail og annoncering p\u00e5 hjemmesiden. Herudover kan der varsles herom i Baretten. Ved alle indkaldelsesmetoder henvises til foreningens vedt\u00e6gter. Rettidige indkomne forslag til dagsordenen l\u00e6gges p\u00e5 hjemmesiden.<\/p>\n<p>Stk. 2.<\/p>\n<p>Generalforsamlingens beslutninger tr\u00e6ffes ved simpelt stemmeflertal. Personvalg ved flere kandidater sker ved skriftlig afstemning, s\u00e5fremt det forlanges af mindst et medlem af forsamlingen.<\/p>\n<p>Stk. 3.<\/p>\n<p>Dagsorden<\/p>\n<ol>\n<li>Valg af dirigent.<\/li>\n<li>Valg af referent og stemmet\u00e6llere.<\/li>\n<li>Formandens beretning.<\/li>\n<li>Kassereren freml\u00e6gger det reviderede regnskab samt budget for det kommende regnskabs\u00e5r. Regnskabs\u00e5ret f\u00f8lger kalender\u00e5ret.<\/li>\n<li>Indkomne forslag.<br \/>\nForslag \u2013 dateret og underskrevet af forslagsstilleren \u2013 skal v\u00e6re formanden i h\u00e6nde senest 14 dage f\u00f8r generalforsamlingen enten ved post eller e-mail.<br \/>\nForslagsstilleren skal v\u00e6re tilstede p\u00e5 generalforsamlingen.<\/li>\n<li>Valg.<br \/>\nF\u00f8lgende er p\u00e5 valg i anf\u00f8rte \u00e5r:<\/li>\n<\/ol>\n<table width=\"89%\">\n<tbody>\n<tr>\n<td width=\"45%\"><\/td>\n<td width=\"14%\">Ulige \u00e5r<\/td>\n<td width=\"13%\">Lige \u00e5r<\/td>\n<td width=\"26%\">I tilf\u00e6lde af frafald<\/td>\n<\/tr>\n<tr>\n<td width=\"45%\">Formand<\/td>\n<td width=\"14%\">X<\/td>\n<td width=\"13%\"><\/td>\n<td width=\"26%\"><\/td>\n<\/tr>\n<tr>\n<td width=\"45%\">2 bestyrelsesmedlemmer<\/td>\n<td width=\"14%\">X<\/td>\n<td width=\"13%\"><\/td>\n<td width=\"26%\"><\/td>\n<\/tr>\n<tr>\n<td width=\"45%\">Kasserer<\/td>\n<td width=\"14%\"><\/td>\n<td width=\"13%\">X<\/td>\n<td width=\"26%\"><\/td>\n<\/tr>\n<tr>\n<td width=\"45%\">3 bestyrelsesmedlemmer<\/td>\n<td width=\"14%\"><\/td>\n<td width=\"13%\">X<\/td>\n<td width=\"26%\"><\/td>\n<\/tr>\n<tr>\n<td width=\"45%\">2 revisorer\/bilagsrepr\u00e6sentanter<\/td>\n<td width=\"14%\">X<\/td>\n<td width=\"13%\">X<\/td>\n<td width=\"26%\"><\/td>\n<\/tr>\n<tr>\n<td width=\"45%\">1 revisorsuppleant<\/td>\n<td width=\"14%\">X<\/td>\n<td width=\"13%\">X<\/td>\n<td width=\"26%\"><\/td>\n<\/tr>\n<tr>\n<td width=\"45%\">Et antal repr\u00e6sentanter i henhold til Landsforeningens vedt\u00e6gter.<br \/>\nFormanden er fast repr\u00e6sentant<\/td>\n<td width=\"14%\">X<\/td>\n<td width=\"13%\">X<\/td>\n<td width=\"26%\"><\/td>\n<\/tr>\n<tr>\n<td width=\"45%\">3 suppleanter for repr\u00e6sentanter<\/td>\n<td width=\"14%\">X<\/td>\n<td width=\"13%\">X<\/td>\n<td width=\"26%\"><\/td>\n<\/tr>\n<tr>\n<td width=\"45%\">1 faneb\u00e6rer til nationalfanen<\/td>\n<td width=\"14%\"><\/td>\n<td width=\"13%\"><\/td>\n<td width=\"26%\">X<\/td>\n<\/tr>\n<tr>\n<td width=\"45%\">1 fanevagt til nationalfanen<\/td>\n<td width=\"14%\"><\/td>\n<td width=\"13%\"><\/td>\n<td width=\"26%\">X<\/td>\n<\/tr>\n<tr>\n<td width=\"45%\">1 faneb\u00e6rer til FN-fanen<\/td>\n<td width=\"14%\"><\/td>\n<td width=\"13%\"><\/td>\n<td width=\"26%\">X<\/td>\n<\/tr>\n<tr>\n<td width=\"45%\">1 fanevagt til FN-fanen<\/td>\n<td width=\"14%\"><\/td>\n<td width=\"13%\"><\/td>\n<td width=\"26%\">X<\/td>\n<\/tr>\n<\/tbody>\n<\/table>\n<p>7 Eventuelt.<br \/>\nUnder dette punkt kan der ikke tr\u00e6ffes bindende beslutninger. Generelle eller opdukkede emner kan dr\u00f8ftes.<br \/>\nUnder eventuelt tildeles eventuelle jubil\u00e6umstegn og diplomer.<\/p>\n<p><strong style=\"font-family: inherit;\">\u00a7 9. Ekstraordin\u00e6r generalforsamling.<\/strong><\/p>\n<p>Ekstraordin\u00e6r generalforsamling kan indkaldes af bestyrelsen eller n\u00e5r \u00bc af medlemmerne \u2013 ved skriftlig henvendelse til bestyrelsen \u2013 anmoder om dette.<\/p>\n<p><strong style=\"font-family: inherit;\">\u00a7 10. Opl\u00f8sning af foreningen.<\/strong><\/p>\n<p>Stk. 1<\/p>\n<p>Foreningen kan kun opl\u00f8ses, n\u00e5r medlemstallet kommer under 25, og da kun hvis foreningens medlemmer p\u00e5 2 af hinanden f\u00f8lgende m\u00f8der med 4\/5 stemmer herfor. M\u00f8derne \u2013 ekstraordin\u00e6re generalforsamlinger \u2013 skal v\u00e6re lovligt indvarslet.<\/p>\n<p>Stk. 2.<\/p>\n<p>I tilf\u00e6lde af foreningens opl\u00f8sning skal dens midler overf\u00f8res til landsforeningen, som efter 5 \u00e5r kan r\u00e5de over disse.<\/p>\n<p>Stk. 3.<\/p>\n<p>Gendannes foreningen indenfor 5 \u00e5r, skal midlerne tilbagef\u00f8res foreningen.<\/p>\n<p>Stk. 4.<\/p>\n<p>Er landsforeningen opl\u00f8st, overf\u00f8res foreningens midler til FN-museet efter samme retningslinjer som i stk. 2 og 3.<\/p>\n<p><strong style=\"font-family: inherit;\">\u00a7 11. Tegningsregler.<\/strong><\/p>\n<p>Stk. 1.<\/p>\n<p>Foreningen tegnes af formanden og kassereren.<\/p>\n<p>Stk. 2.<\/p>\n<p>Foreningens midler administreres dagligt af kassereren, som sammen med formanden er ansvarlig for, at disse midler anvendes i henhold til vedt\u00e6gterne.<\/p>\n<p>Stk. 3.<\/p>\n<p>Kassereren skal have formandens godkendelse ved \u00f8konomiske transaktioner , som overstiger 1.000,- kr.<\/p>\n<p>Stk. 4.<\/p>\n<p>For foreningens forpligtelser h\u00e6fter kun foreningens formue.<\/p>\n<p><strong style=\"font-family: inherit;\">\u00a7 12. \u00c6ndring af vedt\u00e6gter.<\/strong><\/p>\n<p>Stk. 1.<\/p>\n<p>Vedt\u00e6gts\u00e6ndringer kan kun ske p\u00e5 \u00e5rlige eller en ekstraordin\u00e6r indkaldt generalforsamling og kr\u00e6ver, at 2\/3 af de fremm\u00f8dte medlemmer stemmer for \u00e6ndringerne. Hver stemmeberettiget har kun en stemme, og der kan ikke afgives stemme ved fuldmagt.<\/p>\n<p>Stk. 2.<\/p>\n<p>Ved \u00e6ndring af \u00a7\u00a7 2, 3 og 4 fremsendes vedt\u00e6gten til hovedbestyrelsen for godkendelse, j\u00e6vnf\u00f8r landsforeningens vedt\u00e6gter \u00a7 9, stk. 2.<\/p>\n<p><strong style=\"font-family: inherit;\">\u00a7 13.<\/strong><\/p>\n<p>N\u00e6rv\u00e6rende vedt\u00e6gt tr\u00e6der i stedet for vedt\u00e6gt af 16. juni 2016.<\/p>\n<p>S\u00e5ledes vedtaget p\u00e5 generalforsamlingen den 23. februar 2023.<\/p>\n<p>Sign. Per Jensen\u00a0 \u00a0 \u00a0 \u00a0 \u00a0 \u00a0 \u00a0 \u00a0 \u00a0 \u00a0 \u00a0 \u00a0 \u00a0 \u00a0 \u00a0 \u00a0 \u00a0 \u00a0 \u00a0 \u00a0 \u00a0 \u00a0 \u00a0 \u00a0 \u00a0 \u00a0 \u00a0 \u00a0 \u00a0Sign. S\u00f8ren Henningsen<\/p>\n<p>Formand\u00a0\u00a0\u00a0\u00a0\u00a0\u00a0\u00a0\u00a0\u00a0\u00a0\u00a0\u00a0\u00a0\u00a0\u00a0\u00a0\u00a0\u00a0\u00a0\u00a0\u00a0\u00a0\u00a0\u00a0\u00a0\u00a0\u00a0\u00a0\u00a0\u00a0\u00a0\u00a0\u00a0\u00a0\u00a0\u00a0\u00a0\u00a0\u00a0\u00a0\u00a0\u00a0\u00a0\u00a0\u00a0\u00a0\u00a0\u00a0\u00a0\u00a0\u00a0\u00a0\u00a0\u00a0\u00a0\u00a0\u00a0\u00a0\u00a0\u00a0\u00a0\u00a0\u00a0\u00a0\u00a0\u00a0\u00a0\u00a0\u00a0 Dirigent<\/td>\n<\/tr>\n<tr>\n<td width=\"695\"><\/td>\n<\/tr>\n<tr>\n<td width=\"695\"><strong><u>\u00a0<\/u><\/strong><\/td>\n<\/tr>\n<\/tbody>\n<\/table>\n","protected":false},"excerpt":{"rendered":"<p>Vedt\u00e6gter for DANMARKS VETERANER \u2013 Lokalforening Stork\u00f8benhavn. \u00a7 1. Foreningens navn og hjemsted. Stk. 1. Foreningens navn er DANMARKS VETERANER<\/p>\n","protected":false},"author":1,"featured_media":0,"parent":27,"menu_order":2,"comment_status":"closed","ping_status":"closed","template":"","meta":{"colormag_page_container_layout":"default_layout","colormag_page_sidebar_layout":"default_layout","footnotes":""},"class_list":["post-95","page","type-page","status-publish","hentry"],"_links":{"self":[{"href":"https:\/\/koebenhavn.danmarksveteraner.dk\/wordpress\/index.php?rest_route=\/wp\/v2\/pages\/95","targetHints":{"allow":["GET"]}}],"collection":[{"href":"https:\/\/koebenhavn.danmarksveteraner.dk\/wordpress\/index.php?rest_route=\/wp\/v2\/pages"}],"about":[{"href":"https:\/\/koebenhavn.danmarksveteraner.dk\/wordpress\/index.php?rest_route=\/wp\/v2\/types\/page"}],"author":[{"embeddable":true,"href":"https:\/\/koebenhavn.danmarksveteraner.dk\/wordpress\/index.php?rest_route=\/wp\/v2\/users\/1"}],"replies":[{"embeddable":true,"href":"https:\/\/koebenhavn.danmarksveteraner.dk\/wordpress\/index.php?rest_route=%2Fwp%2Fv2%2Fcomments&post=95"}],"version-history":[{"count":13,"href":"https:\/\/koebenhavn.danmarksveteraner.dk\/wordpress\/index.php?rest_route=\/wp\/v2\/pages\/95\/revisions"}],"predecessor-version":[{"id":1354,"href":"https:\/\/koebenhavn.danmarksveteraner.dk\/wordpress\/index.php?rest_route=\/wp\/v2\/pages\/95\/revisions\/1354"}],"up":[{"embeddable":true,"href":"https:\/\/koebenhavn.danmarksveteraner.dk\/wordpress\/index.php?rest_route=\/wp\/v2\/pages\/27"}],"wp:attachment":[{"href":"https:\/\/koebenhavn.danmarksveteraner.dk\/wordpress\/index.php?rest_route=%2Fwp%2Fv2%2Fmedia&parent=95"}],"curies":[{"name":"wp","href":"https:\/\/api.w.org\/{rel}","templated":true}]}}