{"id":99,"date":"2016-03-15T11:36:26","date_gmt":"2016-03-15T10:36:26","guid":{"rendered":"http:\/\/koebenhavn.danmarksveteraner.dk\/wordpress\/?page_id=99"},"modified":"2023-02-26T13:26:35","modified_gmt":"2023-02-26T12:26:35","slug":"vores-faciliteter","status":"publish","type":"page","link":"https:\/\/koebenhavn.danmarksveteraner.dk\/wordpress\/?page_id=99","title":{"rendered":"Vores faciliteter"},"content":{"rendered":"<p>Vores m\u00f8delokaler ligger her p\u00e5 Kastellet. Indgang gennem plankev\u00e6rket bag flagstangen til h\u00f8jre for Kommandantg\u00e5rden (det gule pal\u00e6). D\u00f8ren st\u00e5r \u00e5ben og der er sat flag ud, n\u00e5r der er aktivitet i lokalerne.<\/p>\n<p>Der kan ikke opn\u00e5s telefonisk kontakt til og fra bunkeren grundet betonskallen. Der er dog internet i bunkeren.<\/p>\n<p><a href=\"http:\/\/koebenhavn.danmarksveteraner.dk\/wordpress\/wp-content\/uploads\/2016\/03\/kort_kastellet.jpg\" rel=\"attachment wp-att-190\"><img loading=\"lazy\" decoding=\"async\" class=\"alignnone size-full wp-image-190\" src=\"http:\/\/koebenhavn.danmarksveteraner.dk\/wordpress\/wp-content\/uploads\/2016\/03\/kort_kastellet.jpg\" alt=\"kort_kastellet\" width=\"600\" height=\"600\" srcset=\"https:\/\/koebenhavn.danmarksveteraner.dk\/wordpress\/wp-content\/uploads\/2016\/03\/kort_kastellet.jpg 600w, https:\/\/koebenhavn.danmarksveteraner.dk\/wordpress\/wp-content\/uploads\/2016\/03\/kort_kastellet-150x150.jpg 150w, https:\/\/koebenhavn.danmarksveteraner.dk\/wordpress\/wp-content\/uploads\/2016\/03\/kort_kastellet-300x300.jpg 300w\" sizes=\"auto, (max-width: 600px) 100vw, 600px\" \/>d<\/a><\/p>\n<p>Kommandantg\u00e5rden<\/p>\n<p><a href=\"http:\/\/koebenhavn.danmarksveteraner.dk\/wordpress\/wp-content\/uploads\/2016\/03\/Kommandantg\u00e5rden.jpg\" rel=\"attachment wp-att-192\"><img loading=\"lazy\" decoding=\"async\" class=\"size-full wp-image-192 alignleft\" src=\"http:\/\/koebenhavn.danmarksveteraner.dk\/wordpress\/wp-content\/uploads\/2016\/03\/Kommandantg\u00e5rden.jpg\" alt=\"Kommandantg\u00e5rden\" width=\"600\" height=\"400\" srcset=\"https:\/\/koebenhavn.danmarksveteraner.dk\/wordpress\/wp-content\/uploads\/2016\/03\/Kommandantg\u00e5rden.jpg 600w, https:\/\/koebenhavn.danmarksveteraner.dk\/wordpress\/wp-content\/uploads\/2016\/03\/Kommandantg\u00e5rden-300x200.jpg 300w\" sizes=\"auto, (max-width: 600px) 100vw, 600px\" \/><\/a><\/p>\n","protected":false},"excerpt":{"rendered":"<p>Vores m\u00f8delokaler ligger her p\u00e5 Kastellet. Indgang gennem plankev\u00e6rket bag flagstangen til h\u00f8jre for Kommandantg\u00e5rden (det gule pal\u00e6). D\u00f8ren st\u00e5r<\/p>\n","protected":false},"author":1,"featured_media":0,"parent":27,"menu_order":3,"comment_status":"closed","ping_status":"closed","template":"","meta":{"colormag_page_container_layout":"default_layout","colormag_page_sidebar_layout":"default_layout","footnotes":""},"class_list":["post-99","page","type-page","status-publish","hentry"],"_links":{"self":[{"href":"https:\/\/koebenhavn.danmarksveteraner.dk\/wordpress\/index.php?rest_route=\/wp\/v2\/pages\/99","targetHints":{"allow":["GET"]}}],"collection":[{"href":"https:\/\/koebenhavn.danmarksveteraner.dk\/wordpress\/index.php?rest_route=\/wp\/v2\/pages"}],"about":[{"href":"https:\/\/koebenhavn.danmarksveteraner.dk\/wordpress\/index.php?rest_route=\/wp\/v2\/types\/page"}],"author":[{"embeddable":true,"href":"https:\/\/koebenhavn.danmarksveteraner.dk\/wordpress\/index.php?rest_route=\/wp\/v2\/users\/1"}],"replies":[{"embeddable":true,"href":"https:\/\/koebenhavn.danmarksveteraner.dk\/wordpress\/index.php?rest_route=%2Fwp%2Fv2%2Fcomments&post=99"}],"version-history":[{"count":10,"href":"https:\/\/koebenhavn.danmarksveteraner.dk\/wordpress\/index.php?rest_route=\/wp\/v2\/pages\/99\/revisions"}],"predecessor-version":[{"id":1349,"href":"https:\/\/koebenhavn.danmarksveteraner.dk\/wordpress\/index.php?rest_route=\/wp\/v2\/pages\/99\/revisions\/1349"}],"up":[{"embeddable":true,"href":"https:\/\/koebenhavn.danmarksveteraner.dk\/wordpress\/index.php?rest_route=\/wp\/v2\/pages\/27"}],"wp:attachment":[{"href":"https:\/\/koebenhavn.danmarksveteraner.dk\/wordpress\/index.php?rest_route=%2Fwp%2Fv2%2Fmedia&parent=99"}],"curies":[{"name":"wp","href":"https:\/\/api.w.org\/{rel}","templated":true}]}}